{"id":672,"date":"2023-09-24T04:47:51","date_gmt":"2023-09-24T04:47:51","guid":{"rendered":"https:\/\/wordpress-969684-3873137.cloudwaysapps.com\/?page_id=672"},"modified":"2023-09-24T05:02:15","modified_gmt":"2023-09-24T05:02:15","slug":"agb","status":"publish","type":"page","link":"https:\/\/www.flatify-app.com\/it\/agb\/","title":{"rendered":"agb"},"content":{"rendered":"<div data-elementor-type=\"wp-page\" data-elementor-id=\"672\" class=\"elementor elementor-672\" data-elementor-post-type=\"page\">\n\t\t\t\t\t\t<section class=\"elementor-section elementor-top-section elementor-element elementor-element-b8f53dd elementor-section-boxed elementor-section-height-default elementor-section-height-default\" data-id=\"b8f53dd\" data-element_type=\"section\" data-settings=\"{&quot;background_background&quot;:&quot;classic&quot;}\">\n\t\t\t\t\t\t\t<div class=\"elementor-background-overlay\"><\/div>\n\t\t\t\t\t\t\t<div class=\"elementor-container elementor-column-gap-default\">\n\t\t\t\t\t<div class=\"elementor-column elementor-col-100 elementor-top-column elementor-element elementor-element-9f0195d\" data-id=\"9f0195d\" data-element_type=\"column\">\n\t\t\t<div class=\"elementor-widget-wrap elementor-element-populated\">\n\t\t\t\t\t\t<div class=\"elementor-element elementor-element-c198a5c elementor-widget elementor-widget-heading\" data-id=\"c198a5c\" data-element_type=\"widget\" data-widget_type=\"heading.default\">\n\t\t\t\t<div class=\"elementor-widget-container\">\n\t\t\t<style>\/*! elementor - v3.22.0 - 26-06-2024 *\/\n.elementor-heading-title{padding:0;margin:0;line-height:1}.elementor-widget-heading .elementor-heading-title[class*=elementor-size-]>a{color:inherit;font-size:inherit;line-height:inherit}.elementor-widget-heading .elementor-heading-title.elementor-size-small{font-size:15px}.elementor-widget-heading .elementor-heading-title.elementor-size-medium{font-size:19px}.elementor-widget-heading .elementor-heading-title.elementor-size-large{font-size:29px}.elementor-widget-heading .elementor-heading-title.elementor-size-xl{font-size:39px}.elementor-widget-heading .elementor-heading-title.elementor-size-xxl{font-size:59px}<\/style><h2 class=\"elementor-heading-title elementor-size-default\">Termini e condizioni<\/h2>\t\t<\/div>\n\t\t\t\t<\/div>\n\t\t\t\t<div class=\"elementor-element elementor-element-a0f58df elementor-widget elementor-widget-text-editor\" data-id=\"a0f58df\" data-element_type=\"widget\" data-widget_type=\"text-editor.default\">\n\t\t\t\t<div class=\"elementor-widget-container\">\n\t\t\t<style>\/*! elementor - v3.22.0 - 26-06-2024 *\/\n.elementor-widget-text-editor.elementor-drop-cap-view-stacked .elementor-drop-cap{background-color:#69727d;color:#fff}.elementor-widget-text-editor.elementor-drop-cap-view-framed .elementor-drop-cap{color:#69727d;border:3px solid;background-color:transparent}.elementor-widget-text-editor:not(.elementor-drop-cap-view-default) .elementor-drop-cap{margin-top:8px}.elementor-widget-text-editor:not(.elementor-drop-cap-view-default) .elementor-drop-cap-letter{width:1em;height:1em}.elementor-widget-text-editor .elementor-drop-cap{float:left;text-align:center;line-height:1;font-size:50px}.elementor-widget-text-editor .elementor-drop-cap-letter{display:inline-block}<\/style>\t\t\t\t<div class=\"my-6 text-center\"><p class=\"font-size-xl\">Perfetto! Sei nel posto giusto.<\/p><\/div>\t\t\t\t\t\t<\/div>\n\t\t\t\t<\/div>\n\t\t\t\t\t<\/div>\n\t\t<\/div>\n\t\t\t\t\t<\/div>\n\t\t<\/section>\n\t\t\t\t<section class=\"elementor-section elementor-top-section elementor-element elementor-element-7c3b8e3 elementor-section-boxed elementor-section-height-default elementor-section-height-default\" data-id=\"7c3b8e3\" data-element_type=\"section\">\n\t\t\t\t\t\t<div class=\"elementor-container elementor-column-gap-default\">\n\t\t\t\t\t<div class=\"elementor-column elementor-col-100 elementor-top-column elementor-element elementor-element-2b64f7e\" data-id=\"2b64f7e\" data-element_type=\"column\">\n\t\t\t<div class=\"elementor-widget-wrap elementor-element-populated\">\n\t\t\t\t\t\t<div class=\"elementor-element elementor-element-de03d13 elementor-widget elementor-widget-text-editor\" data-id=\"de03d13\" data-element_type=\"widget\" data-widget_type=\"text-editor.default\">\n\t\t\t\t<div class=\"elementor-widget-container\">\n\t\t\t\t\t\t\t<h5 style=\"font-weight: var(--heading--font-weight);\"><b>CONDIZIONI GENERALI DI UTILIZZO<\/b><\/h5><h6 style=\"font-weight: var(--heading--font-weight);\"><b>01) Ambito di applicazione<\/b><strong>\u00a0<\/strong><\/h6><p style=\"font-weight: 400;\"><span style=\"font-weight: 400;\">(1) Le presenti condizioni regolano l'utilizzo dell'applicazione Flatify. Si applicano indipendentemente dal fatto che l'uso sia gratuito o a pagamento.<\/span><\/p><p style=\"font-weight: 400;\"><span style=\"font-weight: 400;\">(2) Nelle relazioni tra la societ\u00e0 AppMates UG (a responsabilit\u00e0 limitata) (di seguito \"il Fornitore\") e l'Utente (di seguito \"l'Utente\"), valgono esclusivamente le seguenti condizioni nella loro versione valida al momento dell'uso o dell'acquisto.<\/span><\/p><h6 style=\"font-weight: var(--heading--font-weight);\"><b>02) Definizioni<\/b><\/h6><p style=\"font-weight: 400;\"><span style=\"font-weight: 400;\">(1) Per \"applicazione Flatify\" si intende il programma distribuito con il nome \"Flatify\". Questo programma pu\u00f2 essere installato e utilizzato su telefoni cellulari, tablet e altri dispositivi mobili.<\/span><\/p><p style=\"font-weight: 400;\"><span style=\"font-weight: 400;\">(2) I termini \"Consumatore\" e \"Imprenditore\" sono qui intesi conformemente alle definizioni legali dei \u00a7\u00a7 13 e 14 del Codice Civile Tedesco (BGB). Pertanto, l'Utente \u00e8 un \"Consumatore\" se l'uso o l'acquisto dell'applicazione Flatify non pu\u00f2 essere principalmente attribuito alla sua attivit\u00e0 commerciale o professionale indipendente. D'altra parte, un \"Imprenditore\" \u00e8 qualsiasi persona fisica o giuridica o societ\u00e0 dotata di personalit\u00e0 giuridica che agisce nell'ambito dell'utilizzo dell'applicazione Flatify o della conclusione del contratto nell'esercizio della sua attivit\u00e0 commerciale o professionale indipendente.<\/span><\/p><p style=\"font-weight: 400;\"><span style=\"font-weight: 400;\">(3) Per \"Mercato\" si intendono i negozi (store) degli operatori di mercato come Google (\"Google Play\") e Apple (\"App Store\"), dove gli utenti possono selezionare e scaricare l'applicazione Flatify per l'installazione.<\/span><\/p><h6 style=\"font-weight: var(--heading--font-weight);\"><b>03) Opzioni di utilizzo<\/b><\/h6><p style=\"font-weight: 400;\"><span style=\"font-weight: 400;\">L'applicazione Flatify pu\u00f2 essere utilizzata gratuitamente o a pagamento. All'installazione, ad esempio tramite i mercati di Google o Apple, l'applicazione \u00e8 sempre gratuita. Un utilizzo a pagamento richiede sempre il consenso separato ed esplicito dell'Utente all'interno dell'applicazione (\"Acquisto in-app\", vedi sezione 4).<\/span><\/p><h6 style=\"font-weight: var(--heading--font-weight);\"><b>04) Utilizzo dell'applicazione Flatify; Acquisti in-app<\/b><\/h6><p style=\"font-weight: 400;\"><span style=\"font-weight: 400;\">(1) L'Utente ha la possibilit\u00e0 di selezionare e installare l'applicazione Flatify sul rispettivo mercato. Installando l'applicazione, l'Utente dichiara di accettare queste Condizioni Generali di Utilizzo.<\/span><\/p><p style=\"font-weight: 400;\"><span style=\"font-weight: 400;\">(2) L'uso dell'applicazione Flatify richiede la creazione di un account utente, per il quale l'Utente deve inserire il suo indirizzo email e una password.<\/span><\/p><p style=\"font-weight: 400;\"><span style=\"font-weight: 400;\">(3) Se l'Utente desidera utilizzare le funzionalit\u00e0 della versione a pagamento dell'applicazione Flatify, pu\u00f2 effettuare l'aggiornamento dell'applicazione tramite un \"Acquisto in-app\". Il modo in cui questo aggiornamento pu\u00f2 essere effettuato varia da un mercato all'altro; la procedura specifica pu\u00f2 essere trovata nelle condizioni dell'operatore di mercato rispettivo. Il contratto di acquisto \u00e8 stipulato secondo le condizioni del rispettivo mercato. Queste condizioni determinano anche se il contratto di acquisto \u00e8 stipulato tra l'Utente e il mercato o tra l'Utente e AppMates UG (a responsabilit\u00e0 limitata).<\/span><\/p><p style=\"font-weight: 400;\"><span style=\"font-weight: 400;\">(4) Gli acquisti in-app sono fatturati dal rispettivo mercato, e si applicano le condizioni di pagamento specificate dall'operatore di mercato.<\/span><\/p><h6 style=\"font-weight: var(--heading--font-weight);\"><b>05) Garanzia dei difetti, garanzia<\/b><\/h6><p style=\"font-weight: 400;\"><span style=\"font-weight: 400;\">Nel caso in cui il contratto di acquisto sia stipulato tra il fornitore e l'Utente, il fornitore \u00e8 responsabile dei difetti dell'applicazione conformemente alle disposizioni legali applicabili, in particolare alle norme generali dei \u00a7\u00a7 434 e seguenti del Codice Civile Tedesco (BGB). Per gli imprenditori, il periodo di garanzia per l'applicazione fornita dal fornitore \u00e8 di dodici mesi.<\/span><\/p><p style=\"font-weight: 400;\"><span style=\"font-weight: 400;\">Non garantiamo i tempi di inattivit\u00e0 del server comuni nel settore, ma lavoriamo il pi\u00f9 rapidamente possibile per fornire una nuova versione.<\/span><\/p><h6 style=\"font-weight: var(--heading--font-weight);\"><b>06) Responsabilit\u00e0<\/b><\/h6><p style=\"font-weight: 400;\"><span style=\"font-weight: 400;\">(1) Le richieste di risarcimento danni dell'Utente sono escluse. Sono escluse da questa esclusione le richieste di risarcimento danni dell'Utente per lesioni alla vita, al corpo, alla salute o per la violazione di obblighi contrattuali essenziali (obblighi cardinali), nonch\u00e9 la responsabilit\u00e0 per altri danni derivanti da violazioni intenzionali o gravemente colpose del fornitore, dei suoi rappresentanti legali o agenti autorizzati. Gli obblighi contrattuali essenziali sono quelli il cui adempimento \u00e8 necessario per raggiungere l'oggetto del contratto.<\/span><\/p><p style=\"font-weight: 400;\"><span style=\"font-weight: 400;\">(2) In caso di violazione di obblighi contrattuali essenziali, il fornitore \u00e8 responsabile solo per i danni tipici e prevedibili se causati da una semplice negligenza, a meno che si tratti di richieste di risarcimento danni dell'Utente derivanti da lesioni alla vita, al corpo o alla salute.<\/span><\/p><p style=\"font-weight: 400;\"><span style=\"font-weight: 400;\">(3) Le limitazioni dei paragrafi 1 e 2 si applicano anche a vantaggio dei rappresentanti legali e degli agenti autorizzati del fornitore se vengono formulate richieste dirette contro di loro. 07) Diritto di recesso<\/span><\/p><h6 style=\"font-weight: var(--heading--font-weight);\"><b>07) Diritto di recesso<\/b><\/h6><p><span style=\"font-weight: 400;\">(7.1) Se il contratto \u00e8 stipulato con il fornitore (e non con l'operatore di mercato), all'Utente spetta un diritto legale di recesso nei confronti del fornitore, come spiegato di seguito al punto (2). Le eccezioni al diritto di recesso sono disciplinate al punto (3). \u00c8 fornito un modulo di recesso modello al punto (4).<\/span><\/p><h6 style=\"font-weight: var(--heading--font-weight);\"><b>(7.2) Diritto di recesso<\/b><\/h6><p style=\"font-weight: 400;\">Diritto di recesso<\/p><p style=\"font-weight: 400;\"><span style=\"font-weight: 400;\">Hai il diritto di recedere dal presente contratto entro quattordici giorni senza indicarne il motivo. Il periodo di recesso scade quattordici giorni dopo il giorno in cui hai concluso il contratto. Per esercitare il diritto di recesso, devi informarci (AppMates UG (a responsabilit\u00e0 limitata), Schallmauerweg 52, 50354 H\u00fcrth, <\/span><span style=\"font-weight: 400;\"><a href=\"mailto:support@flatify-app.com\">support@flatify.<\/a>com<\/span><span style=\"font-weight: 400;\">della tua decisione di recedere dal presente contratto mediante una dichiarazione chiara (ad esempio, una lettera spedita per posta, un fax o una e-mail). Puoi utilizzare il modulo di recesso modello allegato, ma questo non \u00e8 obbligatorio. Per rispettare il termine di recesso, \u00e8 sufficiente che tu invii la comunicazione relativa all'esercizio del diritto di recesso prima della scadenza del termine di recesso.<\/span><\/p><p style=\"font-weight: 400;\"><span style=\"font-weight: 400;\">Effetti del recesso<\/span><\/p><p style=\"font-weight: 400;\"><span style=\"font-weight: 400;\">Se recedi dal presente contratto, ti rimborseremo tutti i pagamenti che abbiamo ricevuto da te, compresi i costi di consegna (ad eccezione dei costi supplementari derivanti dalla tua scelta di un tipo di consegna diverso dal tipo di consegna standard da noi offerto), senza indebito ritardo e in ogni caso entro quattordici giorni dal giorno in cui siamo informati della tua decisione di recedere dal presente contratto. Effettueremo il rimborso utilizzando lo stesso mezzo di pagamento da te usato per la transazione iniziale, salvo che tu non abbia espressamente convenuto altrimenti; in ogni caso, non dovrai sostenere alcun costo per tale rimborso.<\/span><\/p><p style=\"font-weight: 400;\"><span style=\"font-weight: 400;\">(7.3) Il diritto di recesso di un acquisto tramite l'applicazione Flatify decade se il fornitore ha iniziato l'esecuzione del contratto, cio\u00e8 la fornitura delle funzionalit\u00e0 a pagamento dell'applicazione Flatify, dopo che l'Utente ha acconsentito espressamente all'inizio dell'esecuzione del contratto prima della scadenza del termine di recesso e ha confermato di essere a conoscenza del fatto che, prestando il suo consenso, rinuncia al suo diritto di recesso.<\/span><\/p><p style=\"font-weight: 400;\"><span style=\"font-weight: 400;\">(7.4) Modulo di recesso modello<\/span><\/p><p style=\"font-weight: 400;\"><strong>Per esercitare il diritto di recesso, utilizza l'opzione corrispondente nell'App Store e nel Play Store<br \/>o utilizza il seguente modulo di recesso:<\/strong><\/p><p style=\"font-weight: 400;\"><span style=\"font-weight: 400;\">(Se desideri recedere dal contratto, ti preghiamo di compilare questo modulo e di restituirlo.)<\/span><\/p><ul><li style=\"font-weight: 400;\"><span style=\"font-weight: 400;\">A: <\/span><a href=\"mailto:support@flatify-app.com\"><span style=\"font-weight: 400;\">support@flatify.de<\/span><\/a><\/li><li style=\"font-weight: 400;\"><span style=\"font-weight: 400;\">OPPURE<\/span><\/li><li style=\"font-weight: 400;\"><span style=\"font-weight: 400;\">A: AppMates UG (a responsabilit\u00e0 limitata Schallmauerweg 52, 50354<\/span><\/li><li style=\"font-weight: 400;\"><span style=\"font-weight: 400;\">H\u00fcrth Con la presente, () io\/noi () notifico\/notifichiamo () il mio\/nostro ()recesso dal contratto relativo all'acquisto dei seguenti beni ()\/prestazione dei seguenti servizi ()<\/span><\/li><li style=\"font-weight: 400;\"><span style=\"font-weight: 400;\">Ordinato il ()\/ricevuto il ()<\/span><\/li><li style=\"font-weight: 400;\"><span style=\"font-weight: 400;\">Nome del consumatore o dei<\/span><\/li><li style=\"font-weight: 400;\"><span style=\"font-weight: 400;\">consumatori Indirizzo del consumatore o dei consumatori Indirizzo<\/span><\/li><li style=\"font-weight: 400;\"><span style=\"font-weight: 400;\">email registrato presso Flatify del consumatore o dei consumatori<\/span><\/li><li style=\"font-weight: 400;\"><span style=\"font-weight: 400;\">Firma del consumatore o dei consumatori (solo se il modulo \u00e8 notificato su carta)<\/span><\/li><li style=\"font-weight: 400;\"><span style=\"font-weight: 400;\">Data<\/span><\/li><li style=\"font-weight: 400;\"><span style=\"font-weight: 400;\">Cancella se non applicabile<\/span><\/li><\/ul><p style=\"font-weight: 400;\"><strong>\u00a0<\/strong><\/p><h6 style=\"font-weight: var(--heading--font-weight);\"><b>08) Clausole finali<\/b><\/h6><p style=\"font-weight: 400;\"><span style=\"font-weight: 400;\">(1) I contratti tra il fornitore e l'Utente sono regolati dalla legge della Repubblica Federale di Germania, con esclusione della Convenzione delle Nazioni Unite sui contratti di vendita internazionale di beni (CISG). Le disposizioni legali sulla limitazione della scelta della legge e sull'applicabilit\u00e0 delle disposizioni obbligatorie, in particolare delle leggi dello Stato in cui l'Utente ha la sua residenza abituale come consumatore, rimangono intatte.<\/span><\/p><p style=\"font-weight: 400;\"><span style=\"font-weight: 400;\">(2) Se l'Utente \u00e8 un commerciante, una persona giuridica di diritto pubblico o un fondo speciale di diritto pubblico, il foro competente per tutte le controversie derivanti dai rapporti contrattuali tra l'Utente e il fornitore \u00e8 la sede del fornitore.<\/span><\/p><p style=\"font-weight: 400;\"><span style=\"font-weight: 400;\">(3) Se disposizioni individuali del presente contratto sono o diventano inefficaci, le disposizioni rimanenti rimangono in vigore. Al posto delle disposizioni inefficaci, se disponibili, si applicano le disposizioni legali corrispondenti. Tuttavia, se ci\u00f2 costituisse un onere eccessivo per una delle parti del contratto, il contratto nel suo complesso sar\u00e0 considerato inefficace.<\/span><\/p>\t\t\t\t\t\t<\/div>\n\t\t\t\t<\/div>\n\t\t\t\t\t<\/div>\n\t\t<\/div>\n\t\t\t\t\t<\/div>\n\t\t<\/section>\n\t\t\t\t<section class=\"elementor-section elementor-top-section elementor-element elementor-element-5f65413 elementor-section-boxed elementor-section-height-default elementor-section-height-default\" data-id=\"5f65413\" data-element_type=\"section\">\n\t\t\t\t\t\t<div class=\"elementor-container elementor-column-gap-default\">\n\t\t\t\t\t<div class=\"elementor-column elementor-col-100 elementor-top-column elementor-element elementor-element-2eddab9\" data-id=\"2eddab9\" data-element_type=\"column\">\n\t\t\t<div class=\"elementor-widget-wrap elementor-element-populated\">\n\t\t\t\t\t\t<div class=\"elementor-element elementor-element-8e51145 elementor-widget elementor-widget-image\" data-id=\"8e51145\" data-element_type=\"widget\" data-widget_type=\"image.default\">\n\t\t\t\t<div class=\"elementor-widget-container\">\n\t\t\t<style>\/*! elementor - v3.22.0 - 26-06-2024 *\/\n.elementor-widget-image{text-align:center}.elementor-widget-image a{display:inline-block}.elementor-widget-image a img[src$=\".svg\"]{width:48px}.elementor-widget-image img{vertical-align:middle;display:inline-block}<\/style>\t\t\t\t\t\t\t\t\t\t<img fetchpriority=\"high\" decoding=\"async\" width=\"723\" height=\"353\" src=\"https:\/\/www.flatify-app.com\/wp-content\/uploads\/2023\/09\/Appstore_survey.jpg\" class=\"attachment-large size-large wp-image-687\" alt=\"\" srcset=\"https:\/\/www.flatify-app.com\/wp-content\/uploads\/2023\/09\/Appstore_survey.jpg 723w, https:\/\/www.flatify-app.com\/wp-content\/uploads\/2023\/09\/Appstore_survey-300x146.jpg 300w, https:\/\/www.flatify-app.com\/wp-content\/uploads\/2023\/09\/Appstore_survey-18x9.jpg 18w\" sizes=\"(max-width: 723px) 100vw, 723px\" \/>\t\t\t\t\t\t\t\t\t\t\t\t\t<\/div>\n\t\t\t\t<\/div>\n\t\t\t\t<div class=\"elementor-element elementor-element-2f59ec9 elementor-widget elementor-widget-image\" data-id=\"2f59ec9\" data-element_type=\"widget\" data-widget_type=\"image.default\">\n\t\t\t\t<div class=\"elementor-widget-container\">\n\t\t\t\t\t\t\t\t\t\t\t\t\t<img decoding=\"async\" width=\"310\" height=\"310\" src=\"https:\/\/www.flatify-app.com\/wp-content\/uploads\/2023\/09\/ms-icon-310x310-1.png\" class=\"attachment-large size-large wp-image-688\" alt=\"\" srcset=\"https:\/\/www.flatify-app.com\/wp-content\/uploads\/2023\/09\/ms-icon-310x310-1.png 310w, https:\/\/www.flatify-app.com\/wp-content\/uploads\/2023\/09\/ms-icon-310x310-1-300x300.png 300w, https:\/\/www.flatify-app.com\/wp-content\/uploads\/2023\/09\/ms-icon-310x310-1-150x150.png 150w, https:\/\/www.flatify-app.com\/wp-content\/uploads\/2023\/09\/ms-icon-310x310-1-12x12.png 12w\" sizes=\"(max-width: 310px) 100vw, 310px\" \/>\t\t\t\t\t\t\t\t\t\t\t\t\t<\/div>\n\t\t\t\t<\/div>\n\t\t\t\t\t<\/div>\n\t\t<\/div>\n\t\t\t\t\t<\/div>\n\t\t<\/section>\n\t\t\t\t<\/div>","protected":false},"excerpt":{"rendered":"<p>AGB Perfect! You\u2019re in the right place. ALLGEMEINE NUTZUNGS- UND GESCH\u00c4FTSBEDINGUNGEN 01) Geltungsbereich\u00a0 (1) Diese Bedingungen regeln die Nutzung der Flatify-App. Sie gelten unabh\u00e4ngig davon, ob die Benutzung kostenlos oder gegen Entgelt erfolgt. (2) Im Verh\u00e4ltnis zwischen der AppMates UG (haftungsbeschr\u00e4nkt) (nachfolgend \u201eAnbieter\u201c) und dem Nutzer (nachfolgend \u201eNutzer\u201c) gelten ausschlie\u00dflich die nachfolgenden Bedingungen in ihrer [&hellip;]<\/p>","protected":false},"author":1,"featured_media":0,"parent":0,"menu_order":0,"comment_status":"closed","ping_status":"closed","template":"elementor_header_footer","meta":{"footnotes":"","iawp_total_views":322},"_links":{"self":[{"href":"https:\/\/www.flatify-app.com\/it\/wp-json\/wp\/v2\/pages\/672"}],"collection":[{"href":"https:\/\/www.flatify-app.com\/it\/wp-json\/wp\/v2\/pages"}],"about":[{"href":"https:\/\/www.flatify-app.com\/it\/wp-json\/wp\/v2\/types\/page"}],"author":[{"embeddable":true,"href":"https:\/\/www.flatify-app.com\/it\/wp-json\/wp\/v2\/users\/1"}],"replies":[{"embeddable":true,"href":"https:\/\/www.flatify-app.com\/it\/wp-json\/wp\/v2\/comments?post=672"}],"version-history":[{"count":13,"href":"https:\/\/www.flatify-app.com\/it\/wp-json\/wp\/v2\/pages\/672\/revisions"}],"predecessor-version":[{"id":694,"href":"https:\/\/www.flatify-app.com\/it\/wp-json\/wp\/v2\/pages\/672\/revisions\/694"}],"wp:attachment":[{"href":"https:\/\/www.flatify-app.com\/it\/wp-json\/wp\/v2\/media?parent=672"}],"curies":[{"name":"wp","href":"https:\/\/api.w.org\/{rel}","templated":true}]}}